{"id":624,"date":"2019-07-31T07:19:17","date_gmt":"2019-07-31T14:19:17","guid":{"rendered":"https:\/\/cms.eas.ualberta.ca\/UrbanEnvOb\/?page_id=624"},"modified":"2021-01-20T12:31:39","modified_gmt":"2021-01-20T19:31:39","slug":"housing-and-homelessness","status":"publish","type":"page","link":"https:\/\/cms.eas.ualberta.ca\/UrbanEnvOb\/home\/housing-and-homelessness\/","title":{"rendered":"Housing and Homelessness"},"content":{"rendered":"\n<h2 class=\"has-text-align-center wp-block-heading\"><strong>Housing and Homelessness in the T\u0142\u0131\u0328ch\u01eb Region<\/strong><\/h2>\n\n\n\n<div class=\"wp-block-image\"><figure class=\"aligncenter\"><img loading=\"lazy\" decoding=\"async\" width=\"1024\" height=\"497\" src=\"https:\/\/cms.eas.ualberta.ca\/UrbanEnvOb\/wp-content\/uploads\/sites\/21\/2018\/06\/IMG-20180621-WA0001-1024x497.jpg\" alt=\"\" class=\"wp-image-574\" srcset=\"https:\/\/cms.eas.ualberta.ca\/UrbanEnvOb\/wp-content\/uploads\/sites\/21\/2018\/06\/IMG-20180621-WA0001-1024x497.jpg 1024w, https:\/\/cms.eas.ualberta.ca\/UrbanEnvOb\/wp-content\/uploads\/sites\/21\/2018\/06\/IMG-20180621-WA0001-300x146.jpg 300w, https:\/\/cms.eas.ualberta.ca\/UrbanEnvOb\/wp-content\/uploads\/sites\/21\/2018\/06\/IMG-20180621-WA0001-768x373.jpg 768w, https:\/\/cms.eas.ualberta.ca\/UrbanEnvOb\/wp-content\/uploads\/sites\/21\/2018\/06\/IMG-20180621-WA0001.jpg 1600w\" sizes=\"auto, (max-width: 1024px) 100vw, 1024px\" \/><\/figure><\/div>\n\n\n\n<p>This research has multi-fold objectives:<\/p>\n\n\n\n<ol class=\"wp-block-list\"><li>To assess the scope of the current housing and homelessness problem in the T\u0142\u0131\u0328ch\u01eb region<\/li><li>To analyze the housing policies of the T\u0142\u0131\u0328ch\u01eb government and the Government of Northwest Territories (GNWT)<\/li><li>To determine root causes of housing and homelessness issues in the region; and<\/li><li>To identify best practices and recommend effective strategies or solutions to the housing and homelessness issues<\/li><\/ol>\n\n\n\n<p>Anecdotally, the housing crisis in the T\u0142\u0131\u0328ch\u01eb region is not new. While visible homelessness was largely uncommon in Northwest Territories prior to the later 1990s, since then, it has steadily increased (Christensen, 2016). Recently, this issue has received considerable local and national media coverage (Mandeville, 2016a, 2016b, 2016c), and the Chiefs of the T\u0142\u0131\u0328ch\u01eb Government have also repeatedly asked the GNWT to take necessary steps to resolve the housing issues. To impress upon the GNWT the severity of the situation, the T\u0142\u0131\u0328ch\u01eb Government has now recognized the need to document the extent of the issue in a systematic fashion, which is the impetus for this research project. Thus, this study is intended to act as a building block to developing a T\u0142\u0131\u0328ch\u01eb housing and homelessness strategy.<\/p>\n\n\n\n<p>According to NWT\u2019s 2016 census, the T\u0142\u0131\u0328ch\u01eb has just over 700 private households with almost half having four or more persons. Just about half of all the households rent their homes from the GNWT. Many of the T\u0142\u0131\u0328ch\u01eb households suffer from the problems of housing affordability (household spends more than 30% of the income on shelter), adequacy (housing in need of major repairs) and suitability (not enough bedrooms leading to overcrowding) problems.<\/p>\n\n\n\n<p>Canadian urban planning and geography literature covers various aspects of providing affordable housing for indigenous families living in inner city areas of Canadian cities (Walker, 2003, 2006; Deane and Smoke, 2010; Alaazi, Masuda, Evans and Distasio, 2015; Anderson and Collins, 2014). Only a few have looked at housing in the First Nations communities in the North. In particular, Christensen (2016) made a connection between housing, home and health among Indigenous homeless people living in the Canadian North. She contended that the conceptualization of Northern Indigenous homes and, in turn, health issues are not only unrecognized in housing policy, but actively discouraged.<\/p>\n\n\n\n<p>Christensen (2013) argued that \u201cIndigenous homelessness across settler colonial contexts is a multi-scalar phenomenon.\u201d She suggested it occurred because of a collective experience of \u201cdisbelonging,\u201d resulting from the settler colonial project. As well, a very individual experience of literally \u201cbeing without secure shelter\u201d exacerbated this (p 84-85). In regards to public housing and their inadequacy in the North, Christensen (2016) attributed the current state to the following factors:<\/p>\n\n\n\n<ul class=\"wp-block-list\"><li>Multiple housing authorities with different and at times conflicting mandates<\/li><li>Phasing out of government support\u2014 new federal funding has been announced but enough to build only 300 homes in the First Nations communities while the demand is of 20,000 new homes (Akin, 2016)<\/li><li>An escalating crackdown on rental arrears and increased surveillance of tenants and their guests, resulting in evictions<\/li><li>Public housing as the only source of low-income housing, which is in short supply<\/li><\/ul>\n\n\n\n<p>She called out the need for a culturally safe approach to housing policy aimed at alleviating homelessness\u2014one that not only fulfills core housing needs, but also recognizes the particularities of an Indigenous approach to homemaking, which relies largely on family bonds.<\/p>\n\n\n\n<p>Homelessness and overcrowding are growing issues in all the four T\u0142\u0131\u0328ch\u01eb communities &#8211; Behchok\u01eb\u0300, Gam\u00e8t\u00ec, Wekwe\u00e8t\u00ec and What\u00ec. According to a recent 10 year Plan to End Homelessness report by the City of Yellowknife (2017), many of the homeless on the streets of Yellowknife are residents of the T\u0142\u0131\u0328ch\u01eb region, specifically, in the Behchok\u01eb\u0300 community. A Core Housing Need measures whether a household experiences one or more of three defined housing problems: adequacy, suitability, or affordability. Core Housing Need, particularly in its most extreme instances, is a form of hidden homelessness. The T\u0142\u0131\u0328ch\u01eb communities have especially pressing and prominent gaps in their housing needs as they are currently not adequate (over 40%), not suitable (27.5%), and not affordable (12.5%). Further, core housing needs are not met for 45% of this group. Behchok\u01eb\u0300 has the highest core housing need in the entire NWT.<\/p>\n","protected":false},"excerpt":{"rendered":"<p>Housing and Homelessness in the T\u0142\u0131\u0328ch\u01eb Region This research has multi-fold objectives: To assess the scope of the current housing and homelessness problem in the T\u0142\u0131\u0328ch\u01eb region To analyze the housing policies of the T\u0142\u0131\u0328ch\u01eb government and the Government of<\/p>\n","protected":false},"author":22,"featured_media":0,"parent":13,"menu_order":3,"comment_status":"closed","ping_status":"closed","template":"","meta":{"footnotes":""},"class_list":["post-624","page","type-page","status-publish","hentry"],"_links":{"self":[{"href":"https:\/\/cms.eas.ualberta.ca\/UrbanEnvOb\/wp-json\/wp\/v2\/pages\/624","targetHints":{"allow":["GET"]}}],"collection":[{"href":"https:\/\/cms.eas.ualberta.ca\/UrbanEnvOb\/wp-json\/wp\/v2\/pages"}],"about":[{"href":"https:\/\/cms.eas.ualberta.ca\/UrbanEnvOb\/wp-json\/wp\/v2\/types\/page"}],"author":[{"embeddable":true,"href":"https:\/\/cms.eas.ualberta.ca\/UrbanEnvOb\/wp-json\/wp\/v2\/users\/22"}],"replies":[{"embeddable":true,"href":"https:\/\/cms.eas.ualberta.ca\/UrbanEnvOb\/wp-json\/wp\/v2\/comments?post=624"}],"version-history":[{"count":7,"href":"https:\/\/cms.eas.ualberta.ca\/UrbanEnvOb\/wp-json\/wp\/v2\/pages\/624\/revisions"}],"predecessor-version":[{"id":915,"href":"https:\/\/cms.eas.ualberta.ca\/UrbanEnvOb\/wp-json\/wp\/v2\/pages\/624\/revisions\/915"}],"up":[{"embeddable":true,"href":"https:\/\/cms.eas.ualberta.ca\/UrbanEnvOb\/wp-json\/wp\/v2\/pages\/13"}],"wp:attachment":[{"href":"https:\/\/cms.eas.ualberta.ca\/UrbanEnvOb\/wp-json\/wp\/v2\/media?parent=624"}],"curies":[{"name":"wp","href":"https:\/\/api.w.org\/{rel}","templated":true}]}}